{"id":25,"date":"2024-04-02T10:49:52","date_gmt":"2024-04-02T10:49:52","guid":{"rendered":"https:\/\/kapeker.weblexia.in\/?page_id=25"},"modified":"2024-04-04T11:46:23","modified_gmt":"2024-04-04T11:46:23","slug":"about-us","status":"publish","type":"page","link":"https:\/\/kapeker.weblexia.in\/index.php\/about-us\/","title":{"rendered":"about-us"},"content":{"rendered":"\t\t<div data-elementor-type=\"wp-page\" data-elementor-id=\"25\" class=\"elementor elementor-25\" data-elementor-post-type=\"page\">\n\t\t\t\t<div class=\"elementor-element elementor-element-7119880 e-flex e-con-boxed e-con e-parent\" data-id=\"7119880\" data-element_type=\"container\" data-settings=\"{&quot;background_background&quot;:&quot;classic&quot;}\" data-core-v316-plus=\"true\">\n\t\t\t\t\t<div class=\"e-con-inner\">\n\t\t\t\t<div class=\"elementor-element elementor-element-71171c7 elementor-widget elementor-widget-heading\" data-id=\"71171c7\" data-element_type=\"widget\" data-widget_type=\"heading.default\">\n\t\t\t\t<div class=\"elementor-widget-container\">\n\t\t\t<style>\/*! elementor - v3.20.0 - 26-03-2024 *\/\n.elementor-heading-title{padding:0;margin:0;line-height:1}.elementor-widget-heading .elementor-heading-title[class*=elementor-size-]>a{color:inherit;font-size:inherit;line-height:inherit}.elementor-widget-heading .elementor-heading-title.elementor-size-small{font-size:15px}.elementor-widget-heading .elementor-heading-title.elementor-size-medium{font-size:19px}.elementor-widget-heading .elementor-heading-title.elementor-size-large{font-size:29px}.elementor-widget-heading .elementor-heading-title.elementor-size-xl{font-size:39px}.elementor-widget-heading .elementor-heading-title.elementor-size-xxl{font-size:59px}<\/style><h1 class=\"elementor-heading-title elementor-size-default\">a kapeker v\u00e1llalkoz\u00e1sr\u00f3l<\/h1>\t\t<\/div>\n\t\t\t\t<\/div>\n\t\t\t\t\t<\/div>\n\t\t\t\t<\/div>\n\t\t<div class=\"elementor-element elementor-element-033a7f9 e-flex e-con-boxed e-con e-parent\" data-id=\"033a7f9\" data-element_type=\"container\" data-core-v316-plus=\"true\">\n\t\t\t\t\t<div class=\"e-con-inner\">\n\t\t<div class=\"elementor-element elementor-element-62c7669 e-con-full e-flex e-con e-child\" data-id=\"62c7669\" data-element_type=\"container\">\n\t\t\t\t<div class=\"elementor-element elementor-element-4065354 elementor-widget elementor-widget-image\" data-id=\"4065354\" data-element_type=\"widget\" data-widget_type=\"image.default\">\n\t\t\t\t<div class=\"elementor-widget-container\">\n\t\t\t<style>\/*! elementor - v3.20.0 - 26-03-2024 *\/\n.elementor-widget-image{text-align:center}.elementor-widget-image a{display:inline-block}.elementor-widget-image a img[src$=\".svg\"]{width:48px}.elementor-widget-image img{vertical-align:middle;display:inline-block}<\/style>\t\t\t\t\t\t\t\t\t\t<img decoding=\"async\" src=\"https:\/\/bd60109dad.cbaul-cdnwnd.com\/ec87f9446a6fc178a973e037b18f94ad\/200000129-53f4653f47\/IMG_3776%281%29.webp?ph=bd60109dad\" title=\"\" alt=\"\" loading=\"lazy\" \/>\t\t\t\t\t\t\t\t\t\t\t\t\t<\/div>\n\t\t\t\t<\/div>\n\t\t\t\t<\/div>\n\t\t<div class=\"elementor-element elementor-element-3a2ee8b e-con-full e-flex e-con e-child\" data-id=\"3a2ee8b\" data-element_type=\"container\">\n\t\t\t\t<div class=\"elementor-element elementor-element-3fcab88 elementor-widget elementor-widget-heading\" data-id=\"3fcab88\" data-element_type=\"widget\" data-widget_type=\"heading.default\">\n\t\t\t\t<div class=\"elementor-widget-container\">\n\t\t\t<h1 class=\"elementor-heading-title elementor-size-default\">\nt\u00f6bb mint 1000 \u00fcgyf\u00e9l ut\u00e1n...<\/h1>\t\t<\/div>\n\t\t\t\t<\/div>\n\t\t\t\t<div class=\"elementor-element elementor-element-c796ba0 elementor-widget elementor-widget-text-editor\" data-id=\"c796ba0\" data-element_type=\"widget\" data-widget_type=\"text-editor.default\">\n\t\t\t\t<div class=\"elementor-widget-container\">\n\t\t\t<style>\/*! elementor - v3.20.0 - 26-03-2024 *\/\n.elementor-widget-text-editor.elementor-drop-cap-view-stacked .elementor-drop-cap{background-color:#69727d;color:#fff}.elementor-widget-text-editor.elementor-drop-cap-view-framed .elementor-drop-cap{color:#69727d;border:3px solid;background-color:transparent}.elementor-widget-text-editor:not(.elementor-drop-cap-view-default) .elementor-drop-cap{margin-top:8px}.elementor-widget-text-editor:not(.elementor-drop-cap-view-default) .elementor-drop-cap-letter{width:1em;height:1em}.elementor-widget-text-editor .elementor-drop-cap{float:left;text-align:center;line-height:1;font-size:50px}.elementor-widget-text-editor .elementor-drop-cap-letter{display:inline-block}<\/style>\t\t\t\t<p>el\u00e9rkezett az id\u0151, hogy a k\u00fcl\u00f6nb\u00f6z\u0151 v\u00e1llalkoz\u00e1sokat egys\u00e9ges rendszerbe csomagoljuk, \u00edgy sz\u00fcletett meg a KAPEKER Kapu \u00e9s Ker\u00edt\u00e9s Gy\u00e1rt\u00f3, Forgalmaz\u00f3 V\u00e1llalkoz\u00e1s. r\u00f6viden a KAPEKER V\u00e1llalkoz\u00e1s.<\/p><p>c\u00e9g\u00fcnk, ahogy eddig is, a min\u0151s\u00e9gre teszi a hangs\u00falyt. Sz\u00e1munkra a legfontosabb a hib\u00e1tlan munka, \u00e9s \u00edgy az el\u00e9gedett \u00dcgyf\u00e9l. Ez biztos\u00edtotta eddig is, hogy szinte rekl\u00e1m n\u00e9lk\u00fcl tudtunk b\u0151v\u00fclni.<\/p><p>term\u00e9keink pillanatnyilag 3 gy\u00e1rt\u00f3 \u00fczemb\u0151l ker\u00fclnek a telep\u00edt\u0151 koll\u00e9g\u00e1k keze al\u00e1, akik v\u00e9g\u00fcl a prec\u00edzen megmunk\u00e1lt f\u00e9met a hely\u00e9re illesztik, \u00e9s evvel megkoron\u00e1zz\u00e1k az \u00d6n ingatlanj\u00e1t.\u00a0<\/p>\t\t\t\t\t\t<\/div>\n\t\t\t\t<\/div>\n\t\t\t\t<\/div>\n\t\t\t\t\t<\/div>\n\t\t\t\t<\/div>\n\t\t<div class=\"elementor-element elementor-element-40b8a50 e-flex e-con-boxed e-con e-parent\" data-id=\"40b8a50\" data-element_type=\"container\" data-core-v316-plus=\"true\">\n\t\t\t\t\t<div class=\"e-con-inner\">\n\t\t\t\t<div class=\"elementor-element elementor-element-8a067eb elementor-align-center elementor-widget elementor-widget-button\" data-id=\"8a067eb\" data-element_type=\"widget\" data-widget_type=\"button.default\">\n\t\t\t\t<div class=\"elementor-widget-container\">\n\t\t\t\t\t<div class=\"elementor-button-wrapper\">\n\t\t\t<a class=\"elementor-button elementor-button-link elementor-size-sm\" href=\"https:\/\/kapeker.weblexia.in\/index.php\/contact\/\">\n\t\t\t\t\t\t<span class=\"elementor-button-content-wrapper\">\n\t\t\t\t\t\t<span class=\"elementor-button-text\">kapcsolat<\/span>\n\t\t<\/span>\n\t\t\t\t\t<\/a>\n\t\t<\/div>\n\t\t\t\t<\/div>\n\t\t\t\t<\/div>\n\t\t\t\t\t<\/div>\n\t\t\t\t<\/div>\n\t\t\t\t<\/div>\n\t\t","protected":false},"excerpt":{"rendered":"<p>a kapeker v\u00e1llalkoz\u00e1sr\u00f3l t\u00f6bb mint 1000 \u00fcgyf\u00e9l ut\u00e1n&#8230; el\u00e9rkezett az id\u0151, hogy a k\u00fcl\u00f6nb\u00f6z\u0151 v\u00e1llalkoz\u00e1sokat egys\u00e9ges rendszerbe csomagoljuk, \u00edgy sz\u00fcletett meg a KAPEKER Kapu \u00e9s Ker\u00edt\u00e9s Gy\u00e1rt\u00f3, Forgalmaz\u00f3 V\u00e1llalkoz\u00e1s. r\u00f6viden a KAPEKER V\u00e1llalkoz\u00e1s. c\u00e9g\u00fcnk, ahogy eddig is, a min\u0151s\u00e9gre teszi a hangs\u00falyt. Sz\u00e1munkra a legfontosabb a hib\u00e1tlan munka, \u00e9s \u00edgy az el\u00e9gedett \u00dcgyf\u00e9l. Ez biztos\u00edtotta [&hellip;]<\/p>\n","protected":false},"author":1,"featured_media":0,"parent":0,"menu_order":0,"comment_status":"closed","ping_status":"closed","template":"","meta":{"footnotes":""},"_links":{"self":[{"href":"https:\/\/kapeker.weblexia.in\/index.php\/wp-json\/wp\/v2\/pages\/25"}],"collection":[{"href":"https:\/\/kapeker.weblexia.in\/index.php\/wp-json\/wp\/v2\/pages"}],"about":[{"href":"https:\/\/kapeker.weblexia.in\/index.php\/wp-json\/wp\/v2\/types\/page"}],"author":[{"embeddable":true,"href":"https:\/\/kapeker.weblexia.in\/index.php\/wp-json\/wp\/v2\/users\/1"}],"replies":[{"embeddable":true,"href":"https:\/\/kapeker.weblexia.in\/index.php\/wp-json\/wp\/v2\/comments?post=25"}],"version-history":[{"count":34,"href":"https:\/\/kapeker.weblexia.in\/index.php\/wp-json\/wp\/v2\/pages\/25\/revisions"}],"predecessor-version":[{"id":266,"href":"https:\/\/kapeker.weblexia.in\/index.php\/wp-json\/wp\/v2\/pages\/25\/revisions\/266"}],"wp:attachment":[{"href":"https:\/\/kapeker.weblexia.in\/index.php\/wp-json\/wp\/v2\/media?parent=25"}],"curies":[{"name":"wp","href":"https:\/\/api.w.org\/{rel}","templated":true}]}}