{"id":357,"date":"2024-04-04T12:08:52","date_gmt":"2024-04-04T12:08:52","guid":{"rendered":"https:\/\/kapeker.weblexia.in\/?page_id=357"},"modified":"2024-04-04T12:32:26","modified_gmt":"2024-04-04T12:32:26","slug":"blog","status":"publish","type":"page","link":"https:\/\/kapeker.weblexia.in\/index.php\/blog\/","title":{"rendered":"blog"},"content":{"rendered":"\t\t<div data-elementor-type=\"wp-page\" data-elementor-id=\"357\" class=\"elementor elementor-357\" data-elementor-post-type=\"page\">\n\t\t\t\t<div class=\"elementor-element elementor-element-92eab29 e-flex e-con-boxed e-con e-parent\" data-id=\"92eab29\" data-element_type=\"container\" data-settings=\"{&quot;background_background&quot;:&quot;classic&quot;}\" data-core-v316-plus=\"true\">\n\t\t\t\t\t<div class=\"e-con-inner\">\n\t\t\t\t<div class=\"elementor-element elementor-element-0efc43d elementor-widget elementor-widget-heading\" data-id=\"0efc43d\" data-element_type=\"widget\" data-widget_type=\"heading.default\">\n\t\t\t\t<div class=\"elementor-widget-container\">\n\t\t\t<style>\/*! elementor - v3.20.0 - 26-03-2024 *\/\n.elementor-heading-title{padding:0;margin:0;line-height:1}.elementor-widget-heading .elementor-heading-title[class*=elementor-size-]>a{color:inherit;font-size:inherit;line-height:inherit}.elementor-widget-heading .elementor-heading-title.elementor-size-small{font-size:15px}.elementor-widget-heading .elementor-heading-title.elementor-size-medium{font-size:19px}.elementor-widget-heading .elementor-heading-title.elementor-size-large{font-size:29px}.elementor-widget-heading .elementor-heading-title.elementor-size-xl{font-size:39px}.elementor-widget-heading .elementor-heading-title.elementor-size-xxl{font-size:59px}<\/style><h1 class=\"elementor-heading-title elementor-size-default\">Blog<\/h1>\t\t<\/div>\n\t\t\t\t<\/div>\n\t\t\t\t\t<\/div>\n\t\t\t\t<\/div>\n\t\t<div class=\"elementor-element elementor-element-7976b49 e-flex e-con-boxed e-con e-parent\" data-id=\"7976b49\" data-element_type=\"container\" data-core-v316-plus=\"true\">\n\t\t\t\t\t<div class=\"e-con-inner\">\n\t\t\t\t<div class=\"elementor-element elementor-element-eed857e elementor-grid-3 elementor-grid-tablet-2 elementor-grid-mobile-1 elementor-posts--thumbnail-top elementor-widget elementor-widget-posts\" data-id=\"eed857e\" data-element_type=\"widget\" data-settings=\"{&quot;classic_columns&quot;:&quot;3&quot;,&quot;classic_columns_tablet&quot;:&quot;2&quot;,&quot;classic_columns_mobile&quot;:&quot;1&quot;,&quot;classic_row_gap&quot;:{&quot;unit&quot;:&quot;px&quot;,&quot;size&quot;:35,&quot;sizes&quot;:[]},&quot;classic_row_gap_tablet&quot;:{&quot;unit&quot;:&quot;px&quot;,&quot;size&quot;:&quot;&quot;,&quot;sizes&quot;:[]},&quot;classic_row_gap_mobile&quot;:{&quot;unit&quot;:&quot;px&quot;,&quot;size&quot;:&quot;&quot;,&quot;sizes&quot;:[]}}\" data-widget_type=\"posts.classic\">\n\t\t\t\t<div class=\"elementor-widget-container\">\n\t\t\t<link rel=\"stylesheet\" href=\"https:\/\/kapeker.weblexia.in\/wp-content\/plugins\/elementor-pro\/assets\/css\/widget-posts.min.css\">\t\t<div class=\"elementor-posts-container elementor-posts elementor-posts--skin-classic elementor-grid\">\n\t\t\t\t<article class=\"elementor-post elementor-grid-item post-375 post type-post status-publish format-standard has-post-thumbnail hentry category-blog\">\n\t\t\t\t<a class=\"elementor-post__thumbnail__link\" href=\"https:\/\/kapeker.weblexia.in\/index.php\/2024\/04\/04\/bemutatjuk-a-gondozasmentes-kapu-es-kerites-szakertojet\/\" tabindex=\"-1\" >\n\t\t\t<div class=\"elementor-post__thumbnail\"><img fetchpriority=\"high\" decoding=\"async\" width=\"700\" height=\"394\" src=\"https:\/\/kapeker.weblexia.in\/wp-content\/uploads\/2024\/04\/38A62CEE-FFDE-4369-AB6A-BD5A670E76BC.webp\" class=\"attachment-full size-full wp-image-145\" alt=\"\" srcset=\"https:\/\/kapeker.weblexia.in\/wp-content\/uploads\/2024\/04\/38A62CEE-FFDE-4369-AB6A-BD5A670E76BC.webp 700w, https:\/\/kapeker.weblexia.in\/wp-content\/uploads\/2024\/04\/38A62CEE-FFDE-4369-AB6A-BD5A670E76BC-300x169.webp 300w\" sizes=\"(max-width: 700px) 100vw, 700px\" \/><\/div>\n\t\t<\/a>\n\t\t\t\t<div class=\"elementor-post__text\">\n\t\t\t\t<h3 class=\"elementor-post__title\">\n\t\t\t<a href=\"https:\/\/kapeker.weblexia.in\/index.php\/2024\/04\/04\/bemutatjuk-a-gondozasmentes-kapu-es-kerites-szakertojet\/\" >\n\t\t\t\tBemutatjuk a Gondoz\u00e1smentes Kapu \u00e9s Ker\u00edt\u00e9s Szak\u00e9rt\u0151j\u00e9t!\t\t\t<\/a>\n\t\t<\/h3>\n\t\t\t\t<div class=\"elementor-post__meta-data\">\n\t\t\t\t\t<span class=\"elementor-post-date\">\n\t\t\tApril 4, 2024\t\t<\/span>\n\t\t\t\t<\/div>\n\t\t\n\t\t<a class=\"elementor-post__read-more\" href=\"https:\/\/kapeker.weblexia.in\/index.php\/2024\/04\/04\/bemutatjuk-a-gondozasmentes-kapu-es-kerites-szakertojet\/\" aria-label=\"Read more about Bemutatjuk a Gondoz\u00e1smentes Kapu \u00e9s Ker\u00edt\u00e9s Szak\u00e9rt\u0151j\u00e9t!\" tabindex=\"-1\" >\n\t\t\tRead More \u00bb\t\t<\/a>\n\n\t\t\t\t<\/div>\n\t\t\t\t<\/article>\n\t\t\t\t<\/div>\n\t\t\n\t\t\t\t<\/div>\n\t\t\t\t<\/div>\n\t\t\t\t\t<\/div>\n\t\t\t\t<\/div>\n\t\t\t\t<\/div>\n\t\t","protected":false},"excerpt":{"rendered":"","protected":false},"author":1,"featured_media":0,"parent":0,"menu_order":0,"comment_status":"closed","ping_status":"closed","template":"","meta":{"footnotes":""},"_links":{"self":[{"href":"https:\/\/kapeker.weblexia.in\/index.php\/wp-json\/wp\/v2\/pages\/357"}],"collection":[{"href":"https:\/\/kapeker.weblexia.in\/index.php\/wp-json\/wp\/v2\/pages"}],"about":[{"href":"https:\/\/kapeker.weblexia.in\/index.php\/wp-json\/wp\/v2\/types\/page"}],"author":[{"embeddable":true,"href":"https:\/\/kapeker.weblexia.in\/index.php\/wp-json\/wp\/v2\/users\/1"}],"replies":[{"embeddable":true,"href":"https:\/\/kapeker.weblexia.in\/index.php\/wp-json\/wp\/v2\/comments?post=357"}],"version-history":[{"count":19,"href":"https:\/\/kapeker.weblexia.in\/index.php\/wp-json\/wp\/v2\/pages\/357\/revisions"}],"predecessor-version":[{"id":431,"href":"https:\/\/kapeker.weblexia.in\/index.php\/wp-json\/wp\/v2\/pages\/357\/revisions\/431"}],"wp:attachment":[{"href":"https:\/\/kapeker.weblexia.in\/index.php\/wp-json\/wp\/v2\/media?parent=357"}],"curies":[{"name":"wp","href":"https:\/\/api.w.org\/{rel}","templated":true}]}}